{"id":338,"date":"2024-06-03T06:25:05","date_gmt":"2024-06-03T06:25:05","guid":{"rendered":"http:\/\/trueff3.de\/?page_id=338"},"modified":"2024-09-26T10:11:55","modified_gmt":"2024-09-26T10:11:55","slug":"home","status":"publish","type":"page","link":"https:\/\/trueff3.de\/","title":{"rendered":"Burgunder Tr\u00fcffel"},"content":{"rendered":"\n<p class=\"has-large-font-size\">Burgunder Tr\u00fcffel (<strong><em>Tuber aestivum<\/em>)\u00a0<\/strong>in BIOLAND Qualit\u00e4t f\u00fcr Gastronomie, Gross- und Einzelhandel <\/p>\n\n\n\n<p>Tr\u00fcffel sind sehr eigenwillige Saisonpflanzen , daher ist es nicht einfach Zeitpunkte und Mengen der Ernte der Knollen zu planen. Unsere Erntezeit ist von Juni bis Februar mit sehr unterschidlichen Mengen je nach Witterung , Temperatur und Regen. Der Tuber hat 2 Reife \/ Ernteperioden im Sommer und Herbst\/ Winter <br>Beide Perioden bringen hervorragende Tr\u00fcffel hervor, im Winter ist jedoch die Anzahl und Gr\u00f6sse meist etwas geringer .<\/p>\n\n\n\n<p>Wir versuchen aber immer wenn m\u00f6glich ihre W\u00fcnsche zu erf\u00fcllen. Wir arbeiten auch mit anderen Tr\u00fcffelplantagen und Tr\u00fcffelhunden zusammen und haben daher ein gutes&nbsp; Netzwerk in der Region.<\/p>\n\n\n\n<p>Wir sind Mitglied im <a href=\"https:\/\/tr\u00fcffelverband.de\/\" target=\"_blank\" rel=\"noreferrer noopener\">Deutschen Tr\u00fcffelverband<\/a> und haben eine BIOLAND Bio-Zertifizierung f\u00fcr unsere Tr\u00fcffel Anlage. Melden sie sich gerne direkt bei uns wenn sie noch Fragen haben.<\/p>\n\n\n\n<figure class=\"wp-block-image size-large\"><img loading=\"lazy\" decoding=\"async\" width=\"1024\" height=\"462\" src=\"https:\/\/trueff3.de\/wp-content\/uploads\/2024\/08\/20240808_222320_klein-1024x462.jpg\" alt=\"\" class=\"wp-image-441\" srcset=\"https:\/\/trueff3.de\/wp-content\/uploads\/2024\/08\/20240808_222320_klein-1024x462.jpg 1024w, https:\/\/trueff3.de\/wp-content\/uploads\/2024\/08\/20240808_222320_klein-300x135.jpg 300w, https:\/\/trueff3.de\/wp-content\/uploads\/2024\/08\/20240808_222320_klein-768x346.jpg 768w, https:\/\/trueff3.de\/wp-content\/uploads\/2024\/08\/20240808_222320_klein.jpg 1280w\" sizes=\"auto, (max-width: 1024px) 100vw, 1024px\" \/><\/figure>\n\n\n\n<p><\/p>\n","protected":false},"excerpt":{"rendered":"<div class=\"entry-summary\">\n<div class=\"entry-summary\">\nBurgunder Tr\u00fcffel (Tuber aestivum)\u00a0in BIOLAND Qualit\u00e4t f\u00fcr Gastronomie, Gross- und Einzelhandel Tr\u00fcffel&hellip;\n<\/div>\n<div class=\"link-more\"><a href=\"https:\/\/trueff3.de\/\" class=\"more-link\">Weiterlesen<span class=\"screen-reader-text\"> &ldquo;Burgunder Tr\u00fcffel&rdquo;<\/span>&hellip;<\/a><\/div>\n<\/div>\n<div class=\"link-more\"><a href=\"https:\/\/trueff3.de\/\" class=\"more-link\">Weiterlesen<span class=\"screen-reader-text\"> &ldquo;Burgunder Tr\u00fcffel&rdquo;<\/span>&hellip;<\/a><\/div>\n","protected":false},"author":1,"featured_media":319,"parent":0,"menu_order":0,"comment_status":"closed","ping_status":"closed","template":"","meta":{"_acf_changed":false,"footnotes":""},"class_list":["post-338","page","type-page","status-publish","has-post-thumbnail","hentry","entry"],"acf":[],"_links":{"self":[{"href":"https:\/\/trueff3.de\/index.php?rest_route=\/wp\/v2\/pages\/338","targetHints":{"allow":["GET"]}}],"collection":[{"href":"https:\/\/trueff3.de\/index.php?rest_route=\/wp\/v2\/pages"}],"about":[{"href":"https:\/\/trueff3.de\/index.php?rest_route=\/wp\/v2\/types\/page"}],"author":[{"embeddable":true,"href":"https:\/\/trueff3.de\/index.php?rest_route=\/wp\/v2\/users\/1"}],"replies":[{"embeddable":true,"href":"https:\/\/trueff3.de\/index.php?rest_route=%2Fwp%2Fv2%2Fcomments&post=338"}],"version-history":[{"count":8,"href":"https:\/\/trueff3.de\/index.php?rest_route=\/wp\/v2\/pages\/338\/revisions"}],"predecessor-version":[{"id":474,"href":"https:\/\/trueff3.de\/index.php?rest_route=\/wp\/v2\/pages\/338\/revisions\/474"}],"wp:featuredmedia":[{"embeddable":true,"href":"https:\/\/trueff3.de\/index.php?rest_route=\/wp\/v2\/media\/319"}],"wp:attachment":[{"href":"https:\/\/trueff3.de\/index.php?rest_route=%2Fwp%2Fv2%2Fmedia&parent=338"}],"curies":[{"name":"wp","href":"https:\/\/api.w.org\/{rel}","templated":true}]}}